{"id":5792,"date":"2016-03-24T10:36:48","date_gmt":"2016-03-24T09:36:48","guid":{"rendered":"https:\/\/ascoltoattivo.net\/?page_id=5792"},"modified":"2026-01-22T14:17:28","modified_gmt":"2026-01-22T13:17:28","slug":"home-page","status":"publish","type":"page","link":"https:\/\/ascoltoattivo.net\/fr\/","title":{"rendered":"Home page"},"content":{"rendered":"<p>&nbsp;<\/p>\n<h1 class=\"page-title\">On appelle cela \u00ab l&#8217;intelligence collective \u00bb.<\/h1>\n<p>Elle \u00e9merge lorsque des personnes se retrouvent dans des contextes d&#8217;enqu\u00eate conjointe et d&#8217;apprentissage mutuel et s&#8217;engagent, sur cette base, \u00e0 inventer de nouvelles solutions qui satisfont tout le monde.<br \/>\nRendre cela possible est la t\u00e2che des facilitateurs de syst\u00e8mes complexes.<br \/>\nEt c&#8217;est ce qui nous passionne chez <strong>Ascolto Attivo<\/strong>.<br \/>\nFaire de la cr\u00e9ativit\u00e9 des individus et des groupes une \u00e9vidence.<\/p>\n<p><span style=\"color: #ab0c77;\">Nous concevons et d\u00e9veloppons des parcours participatifs, de facilitation, de m\u00e9diation et de formation.<\/span><\/p>\n<p>&nbsp;<\/p>\n","protected":false},"excerpt":{"rendered":"<p>&nbsp; On appelle cela \u00ab l&#8217;intelligence collective \u00bb. Elle \u00e9merge lorsque des personnes se retrouvent dans des contextes d&#8217;enqu\u00eate conjointe et d&#8217;apprentissage mutuel et s&#8217;engagent, sur cette base, \u00e0 inventer de nouvelles solutions qui satisfont tout le monde. Rendre cela possible est la t\u00e2che des facilitateurs de syst\u00e8mes complexes. Et c&#8217;est ce qui nous passionne<a class=\"excerpt-read-more\" href=\"https:\/\/ascoltoattivo.net\/fr\/\" title=\"ReadHome page\">&#8230; Read more &raquo;<\/a><\/p>\n","protected":false},"author":9,"featured_media":5793,"parent":0,"menu_order":1,"comment_status":"closed","ping_status":"open","template":"","meta":{"_acf_changed":false,"inline_featured_image":false,"footnotes":""},"coauthors":[1138],"class_list":["post-5792","page","type-page","status-publish","has-post-thumbnail","hentry"],"acf":[],"_links":{"self":[{"href":"https:\/\/ascoltoattivo.net\/fr\/wp-json\/wp\/v2\/pages\/5792","targetHints":{"allow":["GET"]}}],"collection":[{"href":"https:\/\/ascoltoattivo.net\/fr\/wp-json\/wp\/v2\/pages"}],"about":[{"href":"https:\/\/ascoltoattivo.net\/fr\/wp-json\/wp\/v2\/types\/page"}],"author":[{"embeddable":true,"href":"https:\/\/ascoltoattivo.net\/fr\/wp-json\/wp\/v2\/users\/9"}],"replies":[{"embeddable":true,"href":"https:\/\/ascoltoattivo.net\/fr\/wp-json\/wp\/v2\/comments?post=5792"}],"version-history":[{"count":1,"href":"https:\/\/ascoltoattivo.net\/fr\/wp-json\/wp\/v2\/pages\/5792\/revisions"}],"predecessor-version":[{"id":5794,"href":"https:\/\/ascoltoattivo.net\/fr\/wp-json\/wp\/v2\/pages\/5792\/revisions\/5794"}],"wp:featuredmedia":[{"embeddable":true,"href":"https:\/\/ascoltoattivo.net\/fr\/wp-json\/wp\/v2\/media\/5793"}],"wp:attachment":[{"href":"https:\/\/ascoltoattivo.net\/fr\/wp-json\/wp\/v2\/media?parent=5792"}],"wp:term":[{"taxonomy":"author","embeddable":true,"href":"https:\/\/ascoltoattivo.net\/fr\/wp-json\/wp\/v2\/coauthors?post=5792"}],"curies":[{"name":"wp","href":"https:\/\/api.w.org\/{rel}","templated":true}]}}