{"id":5796,"date":"2016-06-13T23:11:13","date_gmt":"2016-06-13T21:11:13","guid":{"rendered":"https:\/\/ascoltoattivo.net\/chi\/"},"modified":"2026-01-28T11:40:25","modified_gmt":"2026-01-28T10:40:25","slug":"qui-sommes-nous","status":"publish","type":"page","link":"https:\/\/ascoltoattivo.net\/fr\/qui-sommes-nous\/","title":{"rendered":"Qui sommes-nous"},"content":{"rendered":"<h1 class=\"page-title\">Qui sommes-nous<\/h1>\n<p>Ascolto Attivo a \u00e9t\u00e9 fond\u00e9 en 2008 \u00e0 l&#8217;initiative de <strong>Marianella Sclavi<\/strong>, pionni\u00e8re en Italie des th\u00e9ories et techniques de l&#8217;\u00e9coute active, de la gestion cr\u00e9ative des conflits, de la facilitation et de la participation citoyenne.<\/p>\n<p><strong>Agnese Bertello<\/strong> et <strong>Stefania Lattuille<\/strong> sont associ\u00e9es \u00e0 Marianella Sclavi au sein d&#8217;Ascolto Attivo.<br \/>\nAscolto Attivo a con\u00e7u et men\u00e9 certains des plus importants projets participatifs et d\u00e9lib\u00e9ratifs r\u00e9alis\u00e9s en Italie ces derni\u00e8res ann\u00e9es, contribuant ainsi de mani\u00e8re significative \u00e0 la diffusion des bonnes pratiques participatives dans notre pays.<\/p>\n<p>&nbsp;<\/p>\n<div class=\"wp-block-image\">\n<figure><\/figure>\n<figure class=\"aligncenter\"><img loading=\"lazy\" decoding=\"async\" width=\"1000\" height=\"280\" class=\"wp-image-172\" src=\"http:\/\/ascoltoattivo.net\/wordpress\/wp-content\/uploads\/2016\/06\/facce2.jpg\" alt=\"facce2\" srcset=\"https:\/\/ascoltoattivo.net\/wordpress\/wp-content\/uploads\/2016\/06\/facce2.jpg 1000w, https:\/\/ascoltoattivo.net\/wordpress\/wp-content\/uploads\/2016\/06\/facce2-600x168.jpg 600w\" sizes=\"auto, (max-width: 1000px) 100vw, 1000px\" \/><\/figure>\n<\/div>\n","protected":false},"excerpt":{"rendered":"<p>Qui sommes-nous Ascolto Attivo a \u00e9t\u00e9 fond\u00e9 en 2008 \u00e0 l&#8217;initiative de Marianella Sclavi, pionni\u00e8re en Italie des th\u00e9ories et techniques de l&#8217;\u00e9coute active, de la gestion cr\u00e9ative des conflits, de la facilitation et de la participation citoyenne. Agnese Bertello et Stefania Lattuille sont associ\u00e9es \u00e0 Marianella Sclavi au sein d&#8217;Ascolto Attivo. Ascolto Attivo a<a class=\"excerpt-read-more\" href=\"https:\/\/ascoltoattivo.net\/fr\/qui-sommes-nous\/\" title=\"ReadQui sommes-nous\">&#8230; Read more &raquo;<\/a><\/p>\n","protected":false},"author":1,"featured_media":0,"parent":0,"menu_order":2,"comment_status":"closed","ping_status":"closed","template":"","meta":{"_acf_changed":false,"inline_featured_image":false,"footnotes":""},"coauthors":[264],"class_list":["post-5796","page","type-page","status-publish","hentry"],"acf":[],"_links":{"self":[{"href":"https:\/\/ascoltoattivo.net\/fr\/wp-json\/wp\/v2\/pages\/5796","targetHints":{"allow":["GET"]}}],"collection":[{"href":"https:\/\/ascoltoattivo.net\/fr\/wp-json\/wp\/v2\/pages"}],"about":[{"href":"https:\/\/ascoltoattivo.net\/fr\/wp-json\/wp\/v2\/types\/page"}],"author":[{"embeddable":true,"href":"https:\/\/ascoltoattivo.net\/fr\/wp-json\/wp\/v2\/users\/1"}],"replies":[{"embeddable":true,"href":"https:\/\/ascoltoattivo.net\/fr\/wp-json\/wp\/v2\/comments?post=5796"}],"version-history":[{"count":4,"href":"https:\/\/ascoltoattivo.net\/fr\/wp-json\/wp\/v2\/pages\/5796\/revisions"}],"predecessor-version":[{"id":6034,"href":"https:\/\/ascoltoattivo.net\/fr\/wp-json\/wp\/v2\/pages\/5796\/revisions\/6034"}],"wp:attachment":[{"href":"https:\/\/ascoltoattivo.net\/fr\/wp-json\/wp\/v2\/media?parent=5796"}],"wp:term":[{"taxonomy":"author","embeddable":true,"href":"https:\/\/ascoltoattivo.net\/fr\/wp-json\/wp\/v2\/coauthors?post=5796"}],"curies":[{"name":"wp","href":"https:\/\/api.w.org\/{rel}","templated":true}]}}