{"id":5806,"date":"2016-06-18T17:09:51","date_gmt":"2016-06-18T15:09:51","guid":{"rendered":"https:\/\/ascoltoattivo.net\/?page_id=5806"},"modified":"2026-01-22T17:20:28","modified_gmt":"2026-01-22T16:20:28","slug":"ce-que-nous-faisons","status":"publish","type":"page","link":"https:\/\/ascoltoattivo.net\/fr\/ce-que-nous-faisons\/","title":{"rendered":"Ce que nous faisons"},"content":{"rendered":"<h1 class=\"page-title\">Ce que nous faisons<\/h1>\n<p>&nbsp;<\/p>\n<p>Ascolto Attivo con\u00e7oit et d\u00e9veloppe des parcours participatifs, de gestion cr\u00e9ative des conflits, de facilitation des processus d\u00e9cisionnels et de m\u00e9diation.<\/p>\n<p>Nous collaborons avec des<strong> institutions locales<\/strong> <strong>et<\/strong> <strong>nationales<\/strong>, des <strong>territoires<\/strong> <strong>et des collectivit\u00e9s<\/strong>, des <strong>associations et des groupes de citoyens<\/strong>, des quartiers, des <strong>\u00e9coles et des copropri\u00e9t\u00e9s<\/strong>, ainsi qu&#8217;avec des <strong>entreprises priv\u00e9es<\/strong> qui souhaitent am\u00e9liorer leurs capacit\u00e9s d&#8217;\u00e9coute et de gestion cr\u00e9ative des conflits, en particulier lorsqu&#8217;elles sont confront\u00e9es \u00e0 des moments de transformation et de croissance.<\/p>\n<p>Nous proposons des <strong>formations<\/strong> en \u00e9coute active, conscience \u00e9motionnelle de soi, gestion cr\u00e9ative des conflits, m\u00e9thodologies participatives et co-design participatif.<\/p>\n<p><strong>Nous appliquons ces comp\u00e9tences fondamentales dans les parcours de conception participative que nous concevons et menons<\/strong>. Au fil des ann\u00e9es, nous avons acquis de l&#8217;exp\u00e9rience dans des contextes tr\u00e8s divers : <strong>r\u00e9am\u00e9nagement urbain<\/strong> et r\u00e9habilitation de zones d\u00e9saffect\u00e9es, <strong>d\u00e9bat public<\/strong> et <strong>budget participatif<\/strong>, projets d&#8217;inclusion sociale dans des contextes <strong>multiethniques<\/strong>&#8230;<\/p>\n<p>&nbsp;<\/p>\n<p>&nbsp;<\/p>\n","protected":false},"excerpt":{"rendered":"<p>Ce que nous faisons &nbsp; Ascolto Attivo con\u00e7oit et d\u00e9veloppe des parcours participatifs, de gestion cr\u00e9ative des conflits, de facilitation des processus d\u00e9cisionnels et de m\u00e9diation. Nous collaborons avec des institutions locales et nationales, des territoires et des collectivit\u00e9s, des associations et des groupes de citoyens, des quartiers, des \u00e9coles et des copropri\u00e9t\u00e9s, ainsi qu&#8217;avec<a class=\"excerpt-read-more\" href=\"https:\/\/ascoltoattivo.net\/fr\/ce-que-nous-faisons\/\" title=\"ReadCe que nous faisons\">&#8230; Read more &raquo;<\/a><\/p>\n","protected":false},"author":9,"featured_media":0,"parent":0,"menu_order":3,"comment_status":"closed","ping_status":"closed","template":"","meta":{"_acf_changed":false,"inline_featured_image":false,"footnotes":""},"coauthors":[1138],"class_list":["post-5806","page","type-page","status-publish","hentry"],"acf":[],"_links":{"self":[{"href":"https:\/\/ascoltoattivo.net\/fr\/wp-json\/wp\/v2\/pages\/5806","targetHints":{"allow":["GET"]}}],"collection":[{"href":"https:\/\/ascoltoattivo.net\/fr\/wp-json\/wp\/v2\/pages"}],"about":[{"href":"https:\/\/ascoltoattivo.net\/fr\/wp-json\/wp\/v2\/types\/page"}],"author":[{"embeddable":true,"href":"https:\/\/ascoltoattivo.net\/fr\/wp-json\/wp\/v2\/users\/9"}],"replies":[{"embeddable":true,"href":"https:\/\/ascoltoattivo.net\/fr\/wp-json\/wp\/v2\/comments?post=5806"}],"version-history":[{"count":3,"href":"https:\/\/ascoltoattivo.net\/fr\/wp-json\/wp\/v2\/pages\/5806\/revisions"}],"predecessor-version":[{"id":6012,"href":"https:\/\/ascoltoattivo.net\/fr\/wp-json\/wp\/v2\/pages\/5806\/revisions\/6012"}],"wp:attachment":[{"href":"https:\/\/ascoltoattivo.net\/fr\/wp-json\/wp\/v2\/media?parent=5806"}],"wp:term":[{"taxonomy":"author","embeddable":true,"href":"https:\/\/ascoltoattivo.net\/fr\/wp-json\/wp\/v2\/coauthors?post=5806"}],"curies":[{"name":"wp","href":"https:\/\/api.w.org\/{rel}","templated":true}]}}