{"id":5810,"date":"2016-06-16T15:56:55","date_gmt":"2016-06-16T13:56:55","guid":{"rendered":"https:\/\/ascoltoattivo.net\/?page_id=5810"},"modified":"2026-01-28T10:39:30","modified_gmt":"2026-01-28T09:39:30","slug":"notre-posture","status":"publish","type":"page","link":"https:\/\/ascoltoattivo.net\/fr\/notre-posture\/","title":{"rendered":"Notre posture"},"content":{"rendered":"<h1 class=\"page-title\">Notre posture<\/h1>\n<p><strong>Nous vivons dans une soci\u00e9t\u00e9 complexe<\/strong>. Chacun a son propre regard et sa propre perspective, chacun se confronte \u00e0 l&#8217;autre en apportant ses valeurs, ses int\u00e9r\u00eats, ses principes qui lui sont propres et qui sont souvent \u00ab diff\u00e9rents \u00bb de ceux de l&#8217;autre. <strong>Cette complexit\u00e9 nous donne souvent l&#8217;impression d&#8217;\u00eatre pris au pi\u00e8ge<\/strong>, elle nous rend impuissants. Des conflits, parfois violents, semblent se d\u00e9clencher de mani\u00e8re autonome, s&#8217;intensifier rapidement et devenir insolubles.<\/p>\n<p>Il existe un besoin urgent <strong>de modes de rencontre bas\u00e9s sur la reconnaissance et le respect mutuels<\/strong>, de modes de prise de d\u00e9cision et de r\u00e9solution des probl\u00e8mes qui soient \u00e0 la fois constructifs et capables d&#8217;\u00e9largir les possibilit\u00e9s de choix et d&#8217;initiative de chacun.<br \/>\nEn un mot, il y a un besoin urgent de plus de \u00ab<strong>\u00a0leadership facilitatrice<\/strong>\u00a0\u00bb, <strong>capable de promouvoir plus de cr\u00e9ativit\u00e9 et plus de dialogue<\/strong>.<\/p>\n<p>L&#8217;approche que nous proposons part de ces pr\u00e9misses, <strong>elle est bas\u00e9e sur l&#8217;\u00e9coute active<\/strong> \u2013 \u00ab si vous voulez comprendre ce que dit votre interlocuteur, vous devez partir du principe qu&#8217;il a raison \u00bb \u2013 <strong>sur l&#8217;apprentissage mutuel, sur l&#8217;exploration des mondes possibles<\/strong>.<\/p>\n<p>Il s&#8217;agit de m\u00e9thodes visant \u00e0 impliquer les individus et les groupes, \u00e0 g\u00e9rer les relations, \u00e0 stimuler la cr\u00e9ativit\u00e9, qui permettent d&#8217;activer les ressources dont nous disposons, d&#8217;en g\u00e9n\u00e9rer de nouvelles et de les mettre au <strong>service des objectifs fix\u00e9s<\/strong>, <strong>en identifiant des solutions et des r\u00e9ponses innovantes<\/strong> qui n&#8217;\u00e9taient pas envisageables auparavant.<\/p>\n<p>Pour ce faire, diff\u00e9rentes <strong>m\u00e9thodologies et diff\u00e9rents outils<\/strong>, mis au point au cours de d\u00e9cennies de pratique au niveau international, peuvent \u00eatre utilis\u00e9s.<br \/>\nAu cas par cas, en fonction des caract\u00e9ristiques sp\u00e9cifiques du projet et des besoins exprim\u00e9s, Ascolto Attivo adopte les techniques les plus appropri\u00e9es, en modulant leur utilisation aux diff\u00e9rentes \u00e9tapes du processus, afin d&#8217;en garantir l&#8217;efficacit\u00e9.<\/p>\n<p>&nbsp;<\/p>\n<p>&nbsp;<\/p>\n<p><img loading=\"lazy\" decoding=\"async\" class=\"aligncenter size-full wp-image-335\" src=\"http:\/\/ascoltoattivo.net\/wordpress\/wp-content\/uploads\/2016\/06\/collageG.jpg\" alt=\"Open Space Technology all'Isola\" width=\"1000\" height=\"280\" srcset=\"https:\/\/ascoltoattivo.net\/wordpress\/wp-content\/uploads\/2016\/06\/collageG.jpg 1000w, https:\/\/ascoltoattivo.net\/wordpress\/wp-content\/uploads\/2016\/06\/collageG-600x168.jpg 600w\" sizes=\"auto, (max-width: 1000px) 100vw, 1000px\" \/><\/p>\n<h6><em>Open Space Technology dans le quartier Isola a Milan (photo de Carlo Rotondi)<\/em><\/h6>\n","protected":false},"excerpt":{"rendered":"<p>Notre posture Nous vivons dans une soci\u00e9t\u00e9 complexe. Chacun a son propre regard et sa propre perspective, chacun se confronte \u00e0 l&#8217;autre en apportant ses valeurs, ses int\u00e9r\u00eats, ses principes qui lui sont propres et qui sont souvent \u00ab diff\u00e9rents \u00bb de ceux de l&#8217;autre. Cette complexit\u00e9 nous donne souvent l&#8217;impression d&#8217;\u00eatre pris au pi\u00e8ge,<a class=\"excerpt-read-more\" href=\"https:\/\/ascoltoattivo.net\/fr\/notre-posture\/\" title=\"ReadNotre posture\">&#8230; Read more &raquo;<\/a><\/p>\n","protected":false},"author":9,"featured_media":0,"parent":0,"menu_order":5,"comment_status":"closed","ping_status":"closed","template":"","meta":{"_acf_changed":false,"inline_featured_image":false,"footnotes":""},"coauthors":[1138],"class_list":["post-5810","page","type-page","status-publish","hentry"],"acf":[],"_links":{"self":[{"href":"https:\/\/ascoltoattivo.net\/fr\/wp-json\/wp\/v2\/pages\/5810","targetHints":{"allow":["GET"]}}],"collection":[{"href":"https:\/\/ascoltoattivo.net\/fr\/wp-json\/wp\/v2\/pages"}],"about":[{"href":"https:\/\/ascoltoattivo.net\/fr\/wp-json\/wp\/v2\/types\/page"}],"author":[{"embeddable":true,"href":"https:\/\/ascoltoattivo.net\/fr\/wp-json\/wp\/v2\/users\/9"}],"replies":[{"embeddable":true,"href":"https:\/\/ascoltoattivo.net\/fr\/wp-json\/wp\/v2\/comments?post=5810"}],"version-history":[{"count":3,"href":"https:\/\/ascoltoattivo.net\/fr\/wp-json\/wp\/v2\/pages\/5810\/revisions"}],"predecessor-version":[{"id":6039,"href":"https:\/\/ascoltoattivo.net\/fr\/wp-json\/wp\/v2\/pages\/5810\/revisions\/6039"}],"wp:attachment":[{"href":"https:\/\/ascoltoattivo.net\/fr\/wp-json\/wp\/v2\/media?parent=5810"}],"wp:term":[{"taxonomy":"author","embeddable":true,"href":"https:\/\/ascoltoattivo.net\/fr\/wp-json\/wp\/v2\/coauthors?post=5810"}],"curies":[{"name":"wp","href":"https:\/\/api.w.org\/{rel}","templated":true}]}}