{"id":6014,"date":"2016-06-18T16:38:49","date_gmt":"2016-06-18T14:38:49","guid":{"rendered":"https:\/\/ascoltoattivo.net\/le-7-regole\/"},"modified":"2026-01-23T12:24:50","modified_gmt":"2026-01-23T11:24:50","slug":"les-sept-regles","status":"publish","type":"page","link":"https:\/\/ascoltoattivo.net\/fr\/les-sept-regles\/","title":{"rendered":"Les sept r\u00e8gles"},"content":{"rendered":"<h1 class=\"page-title\">Les sept r\u00e8gles de l&#8217;art de l&#8217;\u00e9coute<\/h1>\n<p>par\u00a0Marianella Sclavi<\/p>\n<ul class=\"col7 clearfix\">\n<li><strong>1<br \/>\n<\/strong>Ne sois pas press\u00e9 pour tirer des conclusions. Elles repr\u00e9sentent la part la plus \u00e9ph\u00e9m\u00e8re de la recherche.<\/li>\n<li><strong>2<\/strong><br \/>\nCe que tu vois d\u00e9pend de ton point de vue. Pour r\u00e9ussir \u00e0 voir ton point de vue, tu dois en changer.<\/li>\n<li><strong>3<\/strong><br \/>\nSi tu veux comprendre ce que l\u2019autre te dit, tu dois assumer le fait qu\u2019il ait raison et l\u2019interroger pour t\u2019aider \u00e0 voir les choses et les \u00e9v\u00e8nements de sa perspective.<\/li>\n<li><strong>4<\/strong><br \/>\nLes \u00e9motions sont des instruments cognitifs fondamentaux si tu sais comprendre leur langage. Ils ne te renseignent pas sur ce que tu vois, mais sur la fa\u00e7on dont tu regardes. Leur code est relationnel et analogique.<\/li>\n<li><strong>5<\/strong><br \/>\nUn bon \u00e9couteur est un explorateur des mondes possibles. Les signaux les plus importants pour l\u2019\u00e9couteur sont ceux qui se pr\u00e9sentent en m\u00eame temps \u00e0 la conscience comme insignifiants et d\u00e9rangeants car ils sont incongrus avec les m\u00eames certitudes.<\/li>\n<li><strong>6<\/strong><br \/>\nUn bon \u00e9couteur accueille avec une attitude correcte les paradoxes de la pens\u00e9e et la communication inter-personnelle. Il les consid\u00e8re comme des occasions denses pour s\u2019entra\u00eener dans un champ qui le passionne : la gestion cr\u00e9ative des conflits.<\/li>\n<li><strong>7<\/strong><br \/>\nPour \u00eatre expert dans l\u2019art d\u2019\u00e9couter, tu dois adopter une m\u00e9thodologie humoristique. Mais lorsque tu as appris \u00e0 \u00e9couter, l\u2019humour vient par lui- m\u00eame.<\/li>\n<\/ul>\n","protected":false},"excerpt":{"rendered":"<p>Les sept r\u00e8gles de l&#8217;art de l&#8217;\u00e9coute par\u00a0Marianella Sclavi 1 Ne sois pas press\u00e9 pour tirer des conclusions. Elles repr\u00e9sentent la part la plus \u00e9ph\u00e9m\u00e8re de la recherche. 2 Ce que tu vois d\u00e9pend de ton point de vue. Pour r\u00e9ussir \u00e0 voir ton point de vue, tu dois en changer. 3 Si tu veux<a class=\"excerpt-read-more\" href=\"https:\/\/ascoltoattivo.net\/fr\/les-sept-regles\/\" title=\"ReadLes sept r\u00e8gles\">&#8230; Read more &raquo;<\/a><\/p>\n","protected":false},"author":1,"featured_media":0,"parent":0,"menu_order":7,"comment_status":"closed","ping_status":"closed","template":"","meta":{"_acf_changed":false,"inline_featured_image":false,"footnotes":""},"coauthors":[264],"class_list":["post-6014","page","type-page","status-publish","hentry"],"acf":[],"_links":{"self":[{"href":"https:\/\/ascoltoattivo.net\/fr\/wp-json\/wp\/v2\/pages\/6014","targetHints":{"allow":["GET"]}}],"collection":[{"href":"https:\/\/ascoltoattivo.net\/fr\/wp-json\/wp\/v2\/pages"}],"about":[{"href":"https:\/\/ascoltoattivo.net\/fr\/wp-json\/wp\/v2\/types\/page"}],"author":[{"embeddable":true,"href":"https:\/\/ascoltoattivo.net\/fr\/wp-json\/wp\/v2\/users\/1"}],"replies":[{"embeddable":true,"href":"https:\/\/ascoltoattivo.net\/fr\/wp-json\/wp\/v2\/comments?post=6014"}],"version-history":[{"count":3,"href":"https:\/\/ascoltoattivo.net\/fr\/wp-json\/wp\/v2\/pages\/6014\/revisions"}],"predecessor-version":[{"id":6018,"href":"https:\/\/ascoltoattivo.net\/fr\/wp-json\/wp\/v2\/pages\/6014\/revisions\/6018"}],"wp:attachment":[{"href":"https:\/\/ascoltoattivo.net\/fr\/wp-json\/wp\/v2\/media?parent=6014"}],"wp:term":[{"taxonomy":"author","embeddable":true,"href":"https:\/\/ascoltoattivo.net\/fr\/wp-json\/wp\/v2\/coauthors?post=6014"}],"curies":[{"name":"wp","href":"https:\/\/api.w.org\/{rel}","templated":true}]}}